{"id":26,"date":"2022-01-31T18:37:04","date_gmt":"2022-01-31T18:37:04","guid":{"rendered":"https:\/\/lasallelaguna.mx\/preparatoria\/?page_id=26"},"modified":"2022-02-28T13:35:21","modified_gmt":"2022-02-28T13:35:21","slug":"institucional","status":"publish","type":"page","link":"https:\/\/lasallelaguna.mx\/preparatoria\/institucional\/","title":{"rendered":"Institucional"},"content":{"rendered":"\t\t<div data-elementor-type=\"wp-page\" data-elementor-id=\"26\" class=\"elementor elementor-26\">\n\t\t\t\t\t\t<section class=\"elementor-section elementor-top-section elementor-element elementor-element-0f14f49 elementor-section-boxed elementor-section-height-default elementor-section-height-default\" data-id=\"0f14f49\" data-element_type=\"section\">\n\t\t\t\t\t\t<div class=\"elementor-container elementor-column-gap-default\">\n\t\t\t\t\t<div class=\"elementor-column elementor-col-100 elementor-top-column elementor-element elementor-element-f79800f\" data-id=\"f79800f\" data-element_type=\"column\">\n\t\t\t<div class=\"elementor-widget-wrap elementor-element-populated\">\n\t\t\t\t\t\t<div class=\"elementor-element elementor-element-1737bc4 elementor-widget elementor-widget-heading\" data-id=\"1737bc4\" data-element_type=\"widget\" data-widget_type=\"heading.default\">\n\t\t\t\t<div class=\"elementor-widget-container\">\n\t\t\t\t\t<h1 class=\"elementor-heading-title elementor-size-default\">INSTITUCIONAL<\/h1>\t\t\t\t<\/div>\n\t\t\t\t<\/div>\n\t\t\t\t\t<\/div>\n\t\t<\/div>\n\t\t\t\t\t<\/div>\n\t\t<\/section>\n\t\t\t\t<section class=\"elementor-section elementor-top-section elementor-element elementor-element-6c14eb7 elementor-section-boxed elementor-section-height-default elementor-section-height-default\" data-id=\"6c14eb7\" data-element_type=\"section\">\n\t\t\t\t\t\t<div class=\"elementor-container elementor-column-gap-default\">\n\t\t\t\t\t<div class=\"elementor-column elementor-col-100 elementor-top-column elementor-element elementor-element-d1e6c35\" data-id=\"d1e6c35\" data-element_type=\"column\">\n\t\t\t<div class=\"elementor-widget-wrap elementor-element-populated\">\n\t\t\t\t\t\t<div class=\"elementor-element elementor-element-68f908d elementor-widget elementor-widget-video\" data-id=\"68f908d\" data-element_type=\"widget\" data-settings=\"{&quot;youtube_url&quot;:&quot;https:\\\/\\\/www.youtube.com\\\/watch?v=5kLzAVWFiFE&quot;,&quot;video_type&quot;:&quot;youtube&quot;,&quot;controls&quot;:&quot;yes&quot;}\" data-widget_type=\"video.default\">\n\t\t\t\t<div class=\"elementor-widget-container\">\n\t\t\t\t\t\t\t<div class=\"elementor-wrapper elementor-open-inline\">\n\t\t\t<div class=\"elementor-video\"><\/div>\t\t<\/div>\n\t\t\t\t\t\t<\/div>\n\t\t\t\t<\/div>\n\t\t\t\t\t<\/div>\n\t\t<\/div>\n\t\t\t\t\t<\/div>\n\t\t<\/section>\n\t\t\t\t<section class=\"elementor-section elementor-top-section elementor-element elementor-element-a97ebf5 elementor-section-boxed elementor-section-height-default elementor-section-height-default\" data-id=\"a97ebf5\" data-element_type=\"section\">\n\t\t\t\t\t\t<div class=\"elementor-container elementor-column-gap-default\">\n\t\t\t\t\t<div class=\"elementor-column elementor-col-100 elementor-top-column elementor-element elementor-element-c463357\" data-id=\"c463357\" data-element_type=\"column\">\n\t\t\t<div class=\"elementor-widget-wrap elementor-element-populated\">\n\t\t\t\t\t\t<div class=\"elementor-element elementor-element-a9d0f1c elementor-widget elementor-widget-heading\" data-id=\"a9d0f1c\" data-element_type=\"widget\" data-widget_type=\"heading.default\">\n\t\t\t\t<div class=\"elementor-widget-container\">\n\t\t\t\t\t<h2 class=\"elementor-heading-title elementor-size-default\">IDEARIO<\/h2>\t\t\t\t<\/div>\n\t\t\t\t<\/div>\n\t\t\t\t<div class=\"elementor-element elementor-element-1798233 elementor-widget-divider--view-line elementor-widget elementor-widget-divider\" data-id=\"1798233\" data-element_type=\"widget\" data-widget_type=\"divider.default\">\n\t\t\t\t<div class=\"elementor-widget-container\">\n\t\t\t\t\t\t\t<div class=\"elementor-divider\">\n\t\t\t<span class=\"elementor-divider-separator\">\n\t\t\t\t\t\t<\/span>\n\t\t<\/div>\n\t\t\t\t\t\t<\/div>\n\t\t\t\t<\/div>\n\t\t\t\t\t<\/div>\n\t\t<\/div>\n\t\t\t\t\t<\/div>\n\t\t<\/section>\n\t\t\t\t<section class=\"elementor-section elementor-top-section elementor-element elementor-element-367317d elementor-section-boxed elementor-section-height-default elementor-section-height-default\" data-id=\"367317d\" data-element_type=\"section\">\n\t\t\t\t\t\t<div class=\"elementor-container elementor-column-gap-default\">\n\t\t\t\t\t<div class=\"elementor-column elementor-col-100 elementor-top-column elementor-element elementor-element-56e4fee\" data-id=\"56e4fee\" data-element_type=\"column\">\n\t\t\t<div class=\"elementor-widget-wrap elementor-element-populated\">\n\t\t\t\t\t\t<div class=\"elementor-element elementor-element-504a30c elementor-widget elementor-widget-text-editor\" data-id=\"504a30c\" data-element_type=\"widget\" data-widget_type=\"text-editor.default\">\n\t\t\t\t<div class=\"elementor-widget-container\">\n\t\t\t\t\t\t\t\t\t<p style=\"text-align: center;\">La <strong>Preparatoria La Salle Torre\u00f3n<\/strong>, consciente de la trascendencia de las instituciones educativas de nivel medio superior expresa en este ideario su filosof\u00eda y los objetivos generales que propone para servir a la sociedad mexicana.<\/p>\t\t\t\t\t\t\t\t<\/div>\n\t\t\t\t<\/div>\n\t\t\t\t\t<\/div>\n\t\t<\/div>\n\t\t\t\t\t<\/div>\n\t\t<\/section>\n\t\t\t\t<section class=\"elementor-section elementor-top-section elementor-element elementor-element-9771374 elementor-section-boxed elementor-section-height-default elementor-section-height-default\" data-id=\"9771374\" data-element_type=\"section\">\n\t\t\t\t\t\t<div class=\"elementor-container elementor-column-gap-default\">\n\t\t\t\t\t<div class=\"elementor-column elementor-col-50 elementor-top-column elementor-element elementor-element-d1c8cef\" data-id=\"d1c8cef\" data-element_type=\"column\">\n\t\t\t<div class=\"elementor-widget-wrap elementor-element-populated\">\n\t\t\t\t\t\t<div class=\"elementor-element elementor-element-0a39839 elementor-widget elementor-widget-image\" data-id=\"0a39839\" data-element_type=\"widget\" data-widget_type=\"image.default\">\n\t\t\t\t<div class=\"elementor-widget-container\">\n\t\t\t\t\t\t\t\t\t\t\t\t\t\t\t<img fetchpriority=\"high\" decoding=\"async\" width=\"570\" height=\"600\" src=\"https:\/\/lasallelaguna.mx\/preparatoria\/wp-content\/uploads\/2022\/02\/Untitled-design-5.jpg\" class=\"attachment-full size-full wp-image-119\" alt=\"\" srcset=\"https:\/\/lasallelaguna.mx\/preparatoria\/wp-content\/uploads\/2022\/02\/Untitled-design-5.jpg 570w, https:\/\/lasallelaguna.mx\/preparatoria\/wp-content\/uploads\/2022\/02\/Untitled-design-5-285x300.jpg 285w\" sizes=\"(max-width: 570px) 100vw, 570px\" \/>\t\t\t\t\t\t\t\t\t\t\t\t\t\t\t<\/div>\n\t\t\t\t<\/div>\n\t\t\t\t\t<\/div>\n\t\t<\/div>\n\t\t\t\t<div class=\"elementor-column elementor-col-50 elementor-top-column elementor-element elementor-element-134d00a\" data-id=\"134d00a\" data-element_type=\"column\">\n\t\t\t<div class=\"elementor-widget-wrap elementor-element-populated\">\n\t\t\t\t\t\t<div class=\"elementor-element elementor-element-111a66b elementor-widget elementor-widget-text-editor\" data-id=\"111a66b\" data-element_type=\"widget\" data-widget_type=\"text-editor.default\">\n\t\t\t\t<div class=\"elementor-widget-container\">\n\t\t\t\t\t\t\t\t\t<p class=\"font_8\"><span class=\"wixGuard\">\u200b<\/span> 1.- La <strong>Preparatoria La Salle Torre\u00f3n<\/strong> , inspir\u00e1ndose en el Evangelio, cree en el hombre imagen de Dios, y expresa con esperanza su fe en el esfuerzo creador del ser humano, en su prop\u00f3sito para instaurar la justicia y el amor; en su capacidad para dominar la naturaleza; \u00a0y en su empe\u00f1o por generar, difundir y conservar los valores.<\/p><p class=\"font_8\">2.- \u00a0 Convencida de que a trav\u00e9s de sus egresados es \u00a0como \u00a0podr\u00e1 \u00a0contribuir \u00a0eficazmente \u00a0a \u00a0la transformaci\u00f3n de la sociedad, <strong>Preparatoria La Salle Torre\u00f3n<\/strong>, otorga prioridad a la formaci\u00f3n integral del estudiante. \u00a0As\u00ed, su empe\u00f1o se traduce en la realizaci\u00f3n plena de la persona humana, mediante la atenci\u00f3n cuidadosa de todas y cada uno de sus dimensiones.<\/p><p class=\"font_8\">3.- \u00a0La <strong>Preparatoria La Salle Torre\u00f3n<\/strong>, aspira a ser una fuerza viva, capaz de contribuir a la orientaci\u00f3n de nuestra sociedad. \u00a0Se esmera en preservar, difundir y acrecentar el patrimonio cultural de nuestra patria y de la humanidad entera. \u00a0Se muestra atenta a las necesidades y exigencias de una sociedad en la que son indispensables muchos cambios para instaurar en ella una mayor justicia y lograr la paz.<\/p><p class=\"font_8\">4.-\u00a0 <strong>Preparatoria La Salle Torre\u00f3n<\/strong>, impulsa, dentro y fuera de sus muros, el genuino esp\u00edritu comunitario, soluci\u00f3n al doble escollo del individualismo ego\u00edsta y est\u00e9ril, y del colectivismo despersonalizado. \u00a0A trav\u00e9s de ello, pretende que los alumnos alcancen sus intereses individuales y ejerzan su libertad en la comunidad de ideales y de acci\u00f3n.<\/p><p class=\"font_8\">5.- \u00a0La realidad socioecon\u00f3mica, pol\u00edtica, cultural y espiritual de nuestro pa\u00eds es un constante llamado al servicio. \u00a0Convencida de la responsabilidad y compromiso de quienes tienen el privilegio de realizar estudios. \u00a0La <strong>Preparatoria La Salle Torre\u00f3n<\/strong> concibe la oportunidad de estudiar como una manera de prepararse mejor, para mejor servir a los menos favorecidos.<\/p>\t\t\t\t\t\t\t\t<\/div>\n\t\t\t\t<\/div>\n\t\t\t\t\t<\/div>\n\t\t<\/div>\n\t\t\t\t\t<\/div>\n\t\t<\/section>\n\t\t\t\t<section class=\"elementor-section elementor-top-section elementor-element elementor-element-420f2eb elementor-section-boxed elementor-section-height-default elementor-section-height-default\" data-id=\"420f2eb\" data-element_type=\"section\">\n\t\t\t\t\t\t<div class=\"elementor-container elementor-column-gap-default\">\n\t\t\t\t\t<div class=\"elementor-column elementor-col-100 elementor-top-column elementor-element elementor-element-4191613\" data-id=\"4191613\" data-element_type=\"column\">\n\t\t\t<div class=\"elementor-widget-wrap elementor-element-populated\">\n\t\t\t\t\t\t<div class=\"elementor-element elementor-element-d8a3232 elementor-widget elementor-widget-heading\" data-id=\"d8a3232\" data-element_type=\"widget\" data-widget_type=\"heading.default\">\n\t\t\t\t<div class=\"elementor-widget-container\">\n\t\t\t\t\t<h2 class=\"elementor-heading-title elementor-size-default\">MISI\u00d3N<\/h2>\t\t\t\t<\/div>\n\t\t\t\t<\/div>\n\t\t\t\t<div class=\"elementor-element elementor-element-de3d8f3 elementor-widget-divider--view-line elementor-widget elementor-widget-divider\" data-id=\"de3d8f3\" data-element_type=\"widget\" data-widget_type=\"divider.default\">\n\t\t\t\t<div class=\"elementor-widget-container\">\n\t\t\t\t\t\t\t<div class=\"elementor-divider\">\n\t\t\t<span class=\"elementor-divider-separator\">\n\t\t\t\t\t\t<\/span>\n\t\t<\/div>\n\t\t\t\t\t\t<\/div>\n\t\t\t\t<\/div>\n\t\t\t\t<div class=\"elementor-element elementor-element-458d3d8 elementor-widget elementor-widget-text-editor\" data-id=\"458d3d8\" data-element_type=\"widget\" data-widget_type=\"text-editor.default\">\n\t\t\t\t<div class=\"elementor-widget-container\">\n\t\t\t\t\t\t\t\t\t<p style=\"text-align: center;\">La <strong>Preparatoria La Salle Torre\u00f3n<\/strong>, es una instituci\u00f3n de inspiraci\u00f3n Cristiana con carisma lasallista. Su misi\u00f3n es coadyuvar a la formaci\u00f3n integral de sus alumnos mediante una s\u00f3lida formaci\u00f3n cristiana basada en los valores evang\u00e9licos y valores humanos, atentos a las necesidades de los m\u00e1s necesitados y una formaci\u00f3n acad\u00e9mica de calidad.<\/p>\t\t\t\t\t\t\t\t<\/div>\n\t\t\t\t<\/div>\n\t\t\t\t\t<\/div>\n\t\t<\/div>\n\t\t\t\t\t<\/div>\n\t\t<\/section>\n\t\t\t\t<section class=\"elementor-section elementor-top-section elementor-element elementor-element-b6cfe09 elementor-section-boxed elementor-section-height-default elementor-section-height-default\" data-id=\"b6cfe09\" data-element_type=\"section\">\n\t\t\t\t\t\t<div class=\"elementor-container elementor-column-gap-default\">\n\t\t\t\t\t<div class=\"elementor-column elementor-col-100 elementor-top-column elementor-element elementor-element-29c3bca\" data-id=\"29c3bca\" data-element_type=\"column\">\n\t\t\t<div class=\"elementor-widget-wrap elementor-element-populated\">\n\t\t\t\t\t\t<div class=\"elementor-element elementor-element-b6d0785 elementor-widget elementor-widget-heading\" data-id=\"b6d0785\" data-element_type=\"widget\" data-widget_type=\"heading.default\">\n\t\t\t\t<div class=\"elementor-widget-container\">\n\t\t\t\t\t<h2 class=\"elementor-heading-title elementor-size-default\">Se\u00f1or De La Salle<\/h2>\t\t\t\t<\/div>\n\t\t\t\t<\/div>\n\t\t\t\t<div class=\"elementor-element elementor-element-ca6bc26 elementor-widget-divider--view-line elementor-widget elementor-widget-divider\" data-id=\"ca6bc26\" data-element_type=\"widget\" data-widget_type=\"divider.default\">\n\t\t\t\t<div class=\"elementor-widget-container\">\n\t\t\t\t\t\t\t<div class=\"elementor-divider\">\n\t\t\t<span class=\"elementor-divider-separator\">\n\t\t\t\t\t\t<\/span>\n\t\t<\/div>\n\t\t\t\t\t\t<\/div>\n\t\t\t\t<\/div>\n\t\t\t\t\t<\/div>\n\t\t<\/div>\n\t\t\t\t\t<\/div>\n\t\t<\/section>\n\t\t\t\t<section class=\"elementor-section elementor-top-section elementor-element elementor-element-e1ad064 elementor-section-boxed elementor-section-height-default elementor-section-height-default\" data-id=\"e1ad064\" data-element_type=\"section\">\n\t\t\t\t\t\t<div class=\"elementor-container elementor-column-gap-default\">\n\t\t\t\t\t<div class=\"elementor-column elementor-col-50 elementor-top-column elementor-element elementor-element-eb24def\" data-id=\"eb24def\" data-element_type=\"column\">\n\t\t\t<div class=\"elementor-widget-wrap elementor-element-populated\">\n\t\t\t\t\t\t<div class=\"elementor-element elementor-element-c4c803e elementor-widget elementor-widget-image\" data-id=\"c4c803e\" data-element_type=\"widget\" data-widget_type=\"image.default\">\n\t\t\t\t<div class=\"elementor-widget-container\">\n\t\t\t\t\t\t\t\t\t\t\t\t\t\t\t<img decoding=\"async\" width=\"194\" height=\"259\" src=\"https:\/\/lasallelaguna.mx\/preparatoria\/wp-content\/uploads\/2022\/02\/descarga.jpg\" class=\"attachment-large size-large wp-image-127\" alt=\"\" \/>\t\t\t\t\t\t\t\t\t\t\t\t\t\t\t<\/div>\n\t\t\t\t<\/div>\n\t\t\t\t<div class=\"elementor-element elementor-element-e14a69b elementor-widget elementor-widget-text-editor\" data-id=\"e14a69b\" data-element_type=\"widget\" data-widget_type=\"text-editor.default\">\n\t\t\t\t<div class=\"elementor-widget-container\">\n\t\t\t\t\t\t\t\t\t<p class=\"font_8\">\u00a0<\/p><p class=\"font_8\">Actualmente La Salle est\u00e1 presente en 82 pa\u00edses del mundo, con obras educativas muy diversas, colegios, escuelas, normales, universidades, reformatorios, casas hogar, y actualmente con otras obras creativas apoyadas por j\u00f3venes voluntarios que con los Hermanos y Maestros comprometidos dirigen obras educativas para el servicio de los m\u00e1s necesitados.<\/p><p class=\"font_8\">En M\u00e9xico se cuenta con 14 universidades lasallistas que forman un consorcio denominado ILMES (Instituciones Lasallistas Mexicanas de Educaci\u00f3n Superior) En el mundo existen m\u00e1s de 80 universidades Lasallistas o centros de Educaci\u00f3n Superior.<\/p><p class=\"font_8\">Esta uni\u00f3n internacional con universidades La Salle permite el intercambio entre alumnos que desean tener una experiencia internacional haciendo sus estudios en diferentes partes del mundo. El convenio con las universidades establece que el alumno es recibido de acuerdo a lo que est\u00e1 pagando en la universidad de origen, y si tiene beca se le mantiene su porcentaje de beca con las universidades con las que existen convenios.<\/p>\t\t\t\t\t\t\t\t<\/div>\n\t\t\t\t<\/div>\n\t\t\t\t\t<\/div>\n\t\t<\/div>\n\t\t\t\t<div class=\"elementor-column elementor-col-50 elementor-top-column elementor-element elementor-element-2344fa5\" data-id=\"2344fa5\" data-element_type=\"column\">\n\t\t\t<div class=\"elementor-widget-wrap elementor-element-populated\">\n\t\t\t\t\t\t<div class=\"elementor-element elementor-element-9fa3d94 elementor-widget elementor-widget-text-editor\" data-id=\"9fa3d94\" data-element_type=\"widget\" data-widget_type=\"text-editor.default\">\n\t\t\t\t<div class=\"elementor-widget-container\">\n\t\t\t\t\t\t\t\t\t<p class=\"font_8\">En la ciudad de Reims, Francia un joven sacerdote inici\u00f3 la congregaci\u00f3n de los Hermanos de las Escuelas Cristianas.<\/p><p class=\"font_8\">De la Salle, movido a compasi\u00f3n por el abandono en que viv\u00edan los hijos de los artesanos y de los pobres, abandona la comodidad de su palacio (hotel de la cloche), de su familia y lo deja todo para cuidar a estos ni\u00f1os en cuyos ojos ve brillar la esperanza.<\/p><p class=\"font_8\">Ante los inmensos problemas generados por el hambre, la guerra y la pobreza,\u00a0De la Salle\u00a0no maldice a su tiempo ni lamenta la situaci\u00f3n.<\/p><p class=\"font_8\">Se entrega con pasi\u00f3n para cambiar lo negativo de la vida, Innova, crea, funda, responde a las esperanzas de muchos y, entonces, para los pobres nace un nuevo amanecer. La primera escuela lasallista fue fundada en el a\u00f1o de 1680 y desde esta fecha hasta nuestros d\u00edas la educaci\u00f3n lasallista se ha esparcido por el mundo entero. Es por ello que es una fundaci\u00f3n Tricentenaria cuyo modelo educativo busca la excelencia educativa y los valores trascendentes que dan sentido a la persona humana. Ha pasado exitosamente la prueba del tiempo (325 a\u00f1os).<\/p>\t\t\t\t\t\t\t\t<\/div>\n\t\t\t\t<\/div>\n\t\t\t\t<div class=\"elementor-element elementor-element-72f0af0 elementor-widget elementor-widget-image\" data-id=\"72f0af0\" data-element_type=\"widget\" data-widget_type=\"image.default\">\n\t\t\t\t<div class=\"elementor-widget-container\">\n\t\t\t\t\t\t\t\t\t\t\t\t\t\t\t<img decoding=\"async\" width=\"570\" height=\"360\" src=\"https:\/\/lasallelaguna.mx\/preparatoria\/wp-content\/uploads\/2022\/02\/Juan-Bautista-de-La-Salle-4-570x360.webp\" class=\"attachment-wpeducon-medium size-wpeducon-medium wp-image-130\" alt=\"\" \/>\t\t\t\t\t\t\t\t\t\t\t\t\t\t\t<\/div>\n\t\t\t\t<\/div>\n\t\t\t\t\t<\/div>\n\t\t<\/div>\n\t\t\t\t\t<\/div>\n\t\t<\/section>\n\t\t\t\t<section class=\"elementor-section elementor-top-section elementor-element elementor-element-a1bd47f elementor-section-boxed elementor-section-height-default elementor-section-height-default\" data-id=\"a1bd47f\" data-element_type=\"section\">\n\t\t\t\t\t\t<div class=\"elementor-container elementor-column-gap-default\">\n\t\t\t\t\t<div class=\"elementor-column elementor-col-100 elementor-top-column elementor-element elementor-element-7d2efd5\" data-id=\"7d2efd5\" data-element_type=\"column\">\n\t\t\t<div class=\"elementor-widget-wrap elementor-element-populated\">\n\t\t\t\t\t\t<div class=\"elementor-element elementor-element-c36fd59 elementor-widget elementor-widget-image\" data-id=\"c36fd59\" data-element_type=\"widget\" data-widget_type=\"image.default\">\n\t\t\t\t<div class=\"elementor-widget-container\">\n\t\t\t\t\t\t\t\t\t\t\t\t\t\t\t<img loading=\"lazy\" decoding=\"async\" width=\"1024\" height=\"384\" src=\"https:\/\/lasallelaguna.mx\/preparatoria\/wp-content\/uploads\/2022\/02\/sant_joan_bautista-1024x384.jpg\" class=\"attachment-large size-large wp-image-129\" alt=\"\" srcset=\"https:\/\/lasallelaguna.mx\/preparatoria\/wp-content\/uploads\/2022\/02\/sant_joan_bautista-1024x384.jpg 1024w, https:\/\/lasallelaguna.mx\/preparatoria\/wp-content\/uploads\/2022\/02\/sant_joan_bautista-300x113.jpg 300w, https:\/\/lasallelaguna.mx\/preparatoria\/wp-content\/uploads\/2022\/02\/sant_joan_bautista-768x288.jpg 768w, https:\/\/lasallelaguna.mx\/preparatoria\/wp-content\/uploads\/2022\/02\/sant_joan_bautista.jpg 1400w\" sizes=\"(max-width: 1024px) 100vw, 1024px\" \/>\t\t\t\t\t\t\t\t\t\t\t\t\t\t\t<\/div>\n\t\t\t\t<\/div>\n\t\t\t\t\t<\/div>\n\t\t<\/div>\n\t\t\t\t\t<\/div>\n\t\t<\/section>\n\t\t\t\t<\/div>\n\t\t","protected":false},"excerpt":{"rendered":"<p>INSTITUCIONAL IDEARIO La Preparatoria La Salle Torre\u00f3n, consciente de la trascendencia de las instituciones educativas de nivel medio superior expresa en este ideario su filosof\u00eda y los objetivos generales que propone para servir a la sociedad mexicana. \u200b 1.- La Preparatoria La Salle Torre\u00f3n , inspir\u00e1ndose en el Evangelio, cree en el hombre imagen de [&hellip;]<\/p>\n","protected":false},"author":1,"featured_media":0,"parent":0,"menu_order":0,"comment_status":"closed","ping_status":"closed","template":"","meta":{"footnotes":""},"class_list":["post-26","page","type-page","status-publish","hentry"],"_links":{"self":[{"href":"https:\/\/lasallelaguna.mx\/preparatoria\/wp-json\/wp\/v2\/pages\/26","targetHints":{"allow":["GET"]}}],"collection":[{"href":"https:\/\/lasallelaguna.mx\/preparatoria\/wp-json\/wp\/v2\/pages"}],"about":[{"href":"https:\/\/lasallelaguna.mx\/preparatoria\/wp-json\/wp\/v2\/types\/page"}],"author":[{"embeddable":true,"href":"https:\/\/lasallelaguna.mx\/preparatoria\/wp-json\/wp\/v2\/users\/1"}],"replies":[{"embeddable":true,"href":"https:\/\/lasallelaguna.mx\/preparatoria\/wp-json\/wp\/v2\/comments?post=26"}],"version-history":[{"count":22,"href":"https:\/\/lasallelaguna.mx\/preparatoria\/wp-json\/wp\/v2\/pages\/26\/revisions"}],"predecessor-version":[{"id":208,"href":"https:\/\/lasallelaguna.mx\/preparatoria\/wp-json\/wp\/v2\/pages\/26\/revisions\/208"}],"wp:attachment":[{"href":"https:\/\/lasallelaguna.mx\/preparatoria\/wp-json\/wp\/v2\/media?parent=26"}],"curies":[{"name":"wp","href":"https:\/\/api.w.org\/{rel}","templated":true}]}}